{"id":1171,"date":"2023-05-30T19:25:00","date_gmt":"2023-05-30T16:25:00","guid":{"rendered":"https:\/\/mr-3dwork.com\/?page_id=1171"},"modified":"2025-03-25T16:36:34","modified_gmt":"2025-03-25T13:36:34","slug":"3d-gm-logo","status":"publish","type":"page","link":"https:\/\/mr-3dwork.com\/index.php\/3d-gm-logo\/","title":{"rendered":"3D GM LOGO"},"content":{"rendered":"\n<p><\/p>\n\n\n\n<div id=\"awgt_c4c8dacc21ca\" class=\"awgt-alert-content-wrap\"><style>#awgt_c4c8dacc21ca .awgt-alert-box {max-width: 100%;background: transparent;border-color: #ba0000;}#awgt_c4c8dacc21ca .awgt-alert-content {color: #ff0101;padding: 15px 30px;}#awgt_c4c8dacc21ca .awgt-alert-content p {font-size: 16px;line-height: 24px;}#awgt_c4c8dacc21ca .awgt-alert-content a {color: #f44336;}#awgt_c4c8dacc21ca legend.awgt-alert-icon svg {fill: #ba0000;width: 25px;height: 25px;}#awgt_c4c8dacc21ca legend.awgt-alert-icon {margin-left: 5%;padding: 0 12px;}#awgt_c4c8dacc21ca .awgt-alert-content.awgt-drop-cap p:first-child:first-letter {color: #000000;font-size: 40px;margin-top: 0px;}#awgt_c4c8dacc21ca .awgt-alert-content.awgt-first-bold > p > strong:first-child {color: #000000;padding-right: 5px;font-size: 16px;}#awgt_c4c8dacc21ca .awgt-alert-lay-3 .awgt-alert-content.awgt-first-bold > p > strong:first-child {display: block;padding-right: 0px !important;padding-bottom: 5px;}#awgt_c4c8dacc21ca fieldset.awgt-alert-box.awgt-alert-lay-3 legend.awgt-alert-icon:before {border-color: transparent transparent #ba0000 transparent;filter: brightness(0.7);}#awgt_c4c8dacc21ca fieldset.awgt-alert-box.awgt-alert-lay-3 legend.awgt-alert-icon:after {border: 26px solid #ba0000;}<\/style><fieldset class=\"awgt-alert-box awgt-lay-one\"><legend class=\"awgt-alert-icon\"><svg xmlns=\"http:\/\/www.w3.org\/2000\/svg\" viewBox=\"0 0 512 512\"><path d=\"M480 32c0-12.9-7.8-24.6-19.8-29.6s-25.7-2.2-34.9 6.9L381.7 53c-48 48-113.1 75-181 75H192 160 64c-35.3 0-64 28.7-64 64v96c0 35.3 28.7 64 64 64l0 128c0 17.7 14.3 32 32 32h64c17.7 0 32-14.3 32-32V352l8.7 0c67.9 0 133 27 181 75l43.6 43.6c9.2 9.2 22.9 11.9 34.9 6.9s19.8-16.6 19.8-29.6V300.4c18.6-8.8 32-32.5 32-60.4s-13.4-51.6-32-60.4V32zm-64 76.7V240 371.3C357.2 317.8 280.5 288 200.7 288H192V192h8.7c79.8 0 156.5-29.8 215.3-83.3z\"><\/path><\/svg><\/legend><div class=\"awgt-alert-content\"><p>A\u015fa\u011f\u0131daki \u00fcr\u00fcnler sat\u0131l\u0131k de\u011fildir. Yaln\u0131zca referans projelerdir.<\/p><\/div><\/fieldset><\/div>\n\n\n\n<div style=\"height:5px\" aria-hidden=\"true\" class=\"wp-block-spacer\"><\/div>\n\n\n\n<hr class=\"wp-block-separator alignfull has-alpha-channel-opacity is-style-wide\"\/>\n\n\n\n<div style=\"height:5px\" aria-hidden=\"true\" class=\"wp-block-spacer\"><\/div>\n\n\n\n<div class=\"wp-block-columns is-layout-flex wp-container-core-columns-is-layout-9d6595d7 wp-block-columns-is-layout-flex\">\n<div class=\"wp-block-column is-layout-flow wp-block-column-is-layout-flow\" style=\"flex-basis:100%\">\n<figure class=\"wp-block-embed is-type-video is-provider-youtube wp-block-embed-youtube wp-embed-aspect-4-3 wp-has-aspect-ratio\"><div class=\"wp-block-embed__wrapper\">\n<p class=\"responsive-video-wrap clr\"><iframe title=\"MR-3D WORK - [ Server: Patron2 ] GM LOGO EFFECT\" width=\"1200\" height=\"900\" src=\"https:\/\/www.youtube.com\/embed\/Uk-T6NWu5W8?feature=oembed\" frameborder=\"0\" allow=\"accelerometer; autoplay; clipboard-write; encrypted-media; gyroscope; picture-in-picture; web-share\" referrerpolicy=\"strict-origin-when-cross-origin\" allowfullscreen><\/iframe><\/p>\n<\/div><\/figure>\n<\/div>\n\n\n\n<div class=\"wp-block-column is-layout-flow wp-block-column-is-layout-flow\" style=\"flex-basis:100%\">\n<h2 class=\"wp-block-heading has-text-align-center\" id=\"patron2-server-logo\">PATRON2 SERVER LOGO<\/h2>\n\n\n\n<div class=\"wp-block-group\"><div class=\"wp-block-group__inner-container is-layout-constrained wp-block-group-is-layout-constrained\">\n<div class=\"wp-block-buttons is-content-justification-center is-layout-flex wp-container-core-buttons-is-layout-5e6b19ed wp-block-buttons-is-layout-flex\">\n<div class=\"wp-block-button has-custom-width wp-block-button__width-100 is-style-fill\"><a class=\"wp-block-button__link has-text-align-center wp-element-button\" href=\"https:\/\/mr-3dwork.com\/index.php\/fiyatlar\/\" target=\"_blank\" rel=\"noreferrer noopener\">F\u0130YAT<\/a><\/div>\n<\/div>\n<\/div><\/div>\n<\/div>\n<\/div>\n\n\n\n<p><\/p>\n","protected":false},"excerpt":{"rendered":"<p>PATRON2 SERVER LOGO<\/p>\n","protected":false},"author":1,"featured_media":0,"parent":0,"menu_order":0,"comment_status":"closed","ping_status":"closed","template":"","meta":{"_gspb_post_css":"","_eb_attr":"","ocean_post_layout":"","ocean_both_sidebars_style":"","ocean_both_sidebars_content_width":0,"ocean_both_sidebars_sidebars_width":0,"ocean_sidebar":"0","ocean_second_sidebar":"0","ocean_disable_margins":"enable","ocean_add_body_class":"","ocean_shortcode_before_top_bar":"","ocean_shortcode_after_top_bar":"","ocean_shortcode_before_header":"","ocean_shortcode_after_header":"","ocean_has_shortcode":"","ocean_shortcode_after_title":"","ocean_shortcode_before_footer_widgets":"","ocean_shortcode_after_footer_widgets":"","ocean_shortcode_before_footer_bottom":"","ocean_shortcode_after_footer_bottom":"","ocean_display_top_bar":"default","ocean_display_header":"default","ocean_header_style":"","ocean_center_header_left_menu":"0","ocean_custom_header_template":"0","ocean_custom_logo":0,"ocean_custom_retina_logo":0,"ocean_custom_logo_max_width":0,"ocean_custom_logo_tablet_max_width":0,"ocean_custom_logo_mobile_max_width":0,"ocean_custom_logo_max_height":0,"ocean_custom_logo_tablet_max_height":0,"ocean_custom_logo_mobile_max_height":0,"ocean_header_custom_menu":"0","ocean_menu_typo_font_family":"0","ocean_menu_typo_font_subset":"","ocean_menu_typo_font_size":0,"ocean_menu_typo_font_size_tablet":0,"ocean_menu_typo_font_size_mobile":0,"ocean_menu_typo_font_size_unit":"px","ocean_menu_typo_font_weight":"","ocean_menu_typo_font_weight_tablet":"","ocean_menu_typo_font_weight_mobile":"","ocean_menu_typo_transform":"","ocean_menu_typo_transform_tablet":"","ocean_menu_typo_transform_mobile":"","ocean_menu_typo_line_height":0,"ocean_menu_typo_line_height_tablet":0,"ocean_menu_typo_line_height_mobile":0,"ocean_menu_typo_line_height_unit":"","ocean_menu_typo_spacing":0,"ocean_menu_typo_spacing_tablet":0,"ocean_menu_typo_spacing_mobile":0,"ocean_menu_typo_spacing_unit":"","ocean_menu_link_color":"","ocean_menu_link_color_hover":"","ocean_menu_link_color_active":"","ocean_menu_link_background":"","ocean_menu_link_hover_background":"","ocean_menu_link_active_background":"","ocean_menu_social_links_bg":"","ocean_menu_social_hover_links_bg":"","ocean_menu_social_links_color":"","ocean_menu_social_hover_links_color":"","ocean_disable_title":"default","ocean_disable_heading":"default","ocean_post_title":"","ocean_post_subheading":"","ocean_post_title_style":"","ocean_post_title_background_color":"","ocean_post_title_background":0,"ocean_post_title_bg_image_position":"","ocean_post_title_bg_image_attachment":"","ocean_post_title_bg_image_repeat":"","ocean_post_title_bg_image_size":"","ocean_post_title_height":0,"ocean_post_title_bg_overlay":0.5,"ocean_post_title_bg_overlay_color":"","ocean_disable_breadcrumbs":"default","ocean_breadcrumbs_color":"","ocean_breadcrumbs_separator_color":"","ocean_breadcrumbs_links_color":"","ocean_breadcrumbs_links_hover_color":"","ocean_display_footer_widgets":"default","ocean_display_footer_bottom":"default","ocean_custom_footer_template":"0","footnotes":""},"class_list":["post-1171","page","type-page","status-publish","hentry","entry"],"_links":{"self":[{"href":"https:\/\/mr-3dwork.com\/index.php\/wp-json\/wp\/v2\/pages\/1171","targetHints":{"allow":["GET"]}}],"collection":[{"href":"https:\/\/mr-3dwork.com\/index.php\/wp-json\/wp\/v2\/pages"}],"about":[{"href":"https:\/\/mr-3dwork.com\/index.php\/wp-json\/wp\/v2\/types\/page"}],"author":[{"embeddable":true,"href":"https:\/\/mr-3dwork.com\/index.php\/wp-json\/wp\/v2\/users\/1"}],"replies":[{"embeddable":true,"href":"https:\/\/mr-3dwork.com\/index.php\/wp-json\/wp\/v2\/comments?post=1171"}],"version-history":[{"count":9,"href":"https:\/\/mr-3dwork.com\/index.php\/wp-json\/wp\/v2\/pages\/1171\/revisions"}],"predecessor-version":[{"id":2547,"href":"https:\/\/mr-3dwork.com\/index.php\/wp-json\/wp\/v2\/pages\/1171\/revisions\/2547"}],"wp:attachment":[{"href":"https:\/\/mr-3dwork.com\/index.php\/wp-json\/wp\/v2\/media?parent=1171"}],"curies":[{"name":"wp","href":"https:\/\/api.w.org\/{rel}","templated":true}]}}