{"id":2541,"date":"2025-06-27T14:25:27","date_gmt":"2025-06-27T11:25:27","guid":{"rendered":"https:\/\/mr-3dwork.com\/?page_id=2541"},"modified":"2025-06-27T14:48:29","modified_gmt":"2025-06-27T11:48:29","slug":"efekt","status":"publish","type":"page","link":"https:\/\/mr-3dwork.com\/index.php\/efekt\/","title":{"rendered":"EFEKT"},"content":{"rendered":"\n<div class=\"wp-block-greenshift-blocks-infobox gspb_infoBox gspb_infoBox-id-gsbp-32cab643-b95d\" id=\"gspb_infoBox-id-gsbp-32cab643-b95d\"><div class=\"gs-box info_type icon_type\"><div class=\"gs-box-icon\"><svg x=\"0px\" y=\"0px\" viewBox=\"0 0 512 512\"> <g><g> <path d=\"M256,0C114.497,0,0,114.507,0,256c0,141.503,114.507,256,256,256c141.503,0,256-114.507,256-256 C512,114.497,397.492,0,256,0z M256,472c-119.393,0-216-96.615-216-216c0-119.393,96.615-216,216-216 c119.393,0,216,96.615,216,216C472,375.393,375.384,472,256,472z\"><\/path> <\/g> <\/g> <g> <g> <path d=\"M256,214.33c-11.046,0-20,8.954-20,20v128.793c0,11.046,8.954,20,20,20s20-8.955,20-20.001V234.33 C276,223.284,267.046,214.33,256,214.33z\"><\/path> <\/g> <\/g> <g> <g> <circle cx=\"256\" cy=\"162.84\" r=\"27\"><\/circle> <\/g> <\/g> <\/svg><\/div><div class=\"gs-box-text\">\n<p>Fiyat bilgisi i\u00e7in l\u00fctfen <a href=\"https:\/\/mr-3dwork.com\/index.php\/fiyatlar\/\" data-type=\"link\" data-id=\"https:\/\/mr-3dwork.com\/index.php\/fiyatlar\/\">t\u0131klay\u0131n\u0131z.<\/a><\/p>\n<\/div><\/div><\/div>\n\n\n<div class='pt-cv-wrapper'> <div class=\"pt-cv-view pt-cv-collapsible iscvblock iscvreal collapsible layout1\" id=\"pt-cv-view-7gbbmgif\"><div data-id=\"pt-cv-page-1\" class=\"pt-cv-page\" data-cvc=\"3\"><div class=\"panel-group\" id=\"7777190scf\"><div class=\"panel panel-default pt-cv-content-item pt-cv-1-col\" >\r\n<div class=\"panel-heading pt-cv-title\">\r\n    <a class=\"panel-title\" data-toggle=\"cvcollapse\" data-parent=\"#7777190scf\" data-target=\"#8f9863f2e1\" >\r\n\t\t\t<\/a>\r\n\t<\/div>\r\n<div id=\"8f9863f2e1\" class=\"panel-collapse collapse in\">\r\n\t<div class=\"panel-body\">\r\n\t\t<div class=\"pt-cv-thumb-wrapper  \"><a href=\"https:\/\/mr-3dwork.com\/index.php\/2025\/06\/27\/2546\/\" class=\"_self pt-cv-href-thumbnail pt-cv-thumb-default\" target=\"_self\" ><\/a><\/div>\n<div class=\"pt-cv-content\">\n<div class=\"wp-block-columns is-layout-flex wp-container-core-columns-is-layout-9d6595d7 wp-block-columns-is-layout-flex\">\n<div class=\"wp-block-column is-layout-flow wp-block-column-is-layout-flow\" style=\"flex-basis:100%\">\n<figure class=\"wp-block-embed is-type-video is-provider-vimeo wp-block-embed-vimeo wp-embed-aspect-16-9 wp-has-aspect-ratio\"><div class=\"wp-block-embed__wrapper\">\n<p class=\"responsive-video-wrap clr\"><iframe title=\"MR-3D WORK - UPGRADE EFFECT\" src=\"https:\/\/player.vimeo.com\/video\/1096873948?dnt=1&amp;app_id=122963\" width=\"1200\" height=\"675\" frameborder=\"0\" allow=\"autoplay; fullscreen; picture-in-picture; clipboard-write; encrypted-media; web-share\"><\/iframe><\/p>\n<\/div><\/figure>\n<\/div>\n\n\n\n<div class=\"wp-block-column is-vertically-aligned-center is-layout-flow wp-block-column-is-layout-flow\" style=\"flex-basis:100%\">\n<h2 class=\"wp-block-heading has-text-align-center\" id=\"yukseltme-efekti-1\">Y\u00dcKSELTME EFEKT\u0130 #1<\/h2>\n<\/div>\n<\/div>\n<\/div>\n<div class=\"pt-cv-meta-fields\"><span class=\"entry-date\"> <time datetime=\"2025-06-27T14:16:46+03:00\">27 Haziran 2025<\/time><\/span><span> \/ <\/span><span class=\"author\"> <a href=\"https:\/\/mr-3dwork.com\/index.php\/author\/maviruh13\/\" rel=\"author\">Mavi Ruh<\/a><\/span><\/div>\t<\/div>\r\n<\/div><\/div><\/div><\/div><\/div> <\/div> <style>\n\n#pt-cv-view-7gbbmgif .pt-cv-meta-fields {  }#pt-cv-view-7gbbmgif .pt-cv-meta-fields * { font-size: 13px; }#pt-cv-view-7gbbmgif .pt-cv-title a { display: block; }#pt-cv-view-7gbbmgif .pt-cv-title:not(.pt-cv-titlesm) a { font-weight: 600;text-decoration: none;font-size: 20px; }#pt-cv-view-7gbbmgif .pt-cv-titlesm a { font-weight: 600;font-size: 18px; }#pt-cv-view-7gbbmgif .pt-cv-content { font-size: 15px; }#pt-cv-view-7gbbmgif .pt-cv-rmwrap {  }#pt-cv-view-7gbbmgif .pt-cv-readmore { color: #fff;background-color: #0075ff;font-size: 14px; }#pt-cv-view-7gbbmgif .pt-cv-taxoterm {  }#pt-cv-view-7gbbmgif .pt-cv-taxoterm * { color: #222;background-color: #fff6f6;font-size: 14px; }#pt-cv-view-7gbbmgif + .pt-cv-pagination-wrapper {  }#pt-cv-view-7gbbmgif + .pt-cv-pagination-wrapper a { font-size: 14px; }\n@media all and (max-width: 1024px) { \n\n} \n@media all and (max-width: 767px) { \n\n} <\/style>","protected":false},"excerpt":{"rendered":"","protected":false},"author":1,"featured_media":0,"parent":0,"menu_order":0,"comment_status":"closed","ping_status":"closed","template":"","meta":{"_gspb_post_css":".gs-box{padding:20px;border-left:5px solid transparent;margin-bottom:25px}.gs-box-text>p{margin-bottom:20px;margin-top:0}.gs-box-text>p:last-of-type{margin-bottom:0}.gs-box.info_type{color:#155724;background-color:#d4edda;border-color:#c3e6cb}.gs-box.info_type svg{fill:#30a030}.gs-box.icon_type{display:flex}.gs-box.icon_type .gs-box-icon{width:28px;min-width:28px}.gs-box.icon_type .gs-box-text{flex-grow:1;margin:0 15px}","_eb_attr":"","ocean_post_layout":"","ocean_both_sidebars_style":"","ocean_both_sidebars_content_width":0,"ocean_both_sidebars_sidebars_width":0,"ocean_sidebar":"0","ocean_second_sidebar":"0","ocean_disable_margins":"enable","ocean_add_body_class":"","ocean_shortcode_before_top_bar":"","ocean_shortcode_after_top_bar":"","ocean_shortcode_before_header":"","ocean_shortcode_after_header":"","ocean_has_shortcode":"","ocean_shortcode_after_title":"","ocean_shortcode_before_footer_widgets":"","ocean_shortcode_after_footer_widgets":"","ocean_shortcode_before_footer_bottom":"","ocean_shortcode_after_footer_bottom":"","ocean_display_top_bar":"default","ocean_display_header":"default","ocean_header_style":"","ocean_center_header_left_menu":"0","ocean_custom_header_template":"0","ocean_custom_logo":0,"ocean_custom_retina_logo":0,"ocean_custom_logo_max_width":0,"ocean_custom_logo_tablet_max_width":0,"ocean_custom_logo_mobile_max_width":0,"ocean_custom_logo_max_height":0,"ocean_custom_logo_tablet_max_height":0,"ocean_custom_logo_mobile_max_height":0,"ocean_header_custom_menu":"0","ocean_menu_typo_font_family":"0","ocean_menu_typo_font_subset":"","ocean_menu_typo_font_size":0,"ocean_menu_typo_font_size_tablet":0,"ocean_menu_typo_font_size_mobile":0,"ocean_menu_typo_font_size_unit":"px","ocean_menu_typo_font_weight":"","ocean_menu_typo_font_weight_tablet":"","ocean_menu_typo_font_weight_mobile":"","ocean_menu_typo_transform":"","ocean_menu_typo_transform_tablet":"","ocean_menu_typo_transform_mobile":"","ocean_menu_typo_line_height":0,"ocean_menu_typo_line_height_tablet":0,"ocean_menu_typo_line_height_mobile":0,"ocean_menu_typo_line_height_unit":"","ocean_menu_typo_spacing":0,"ocean_menu_typo_spacing_tablet":0,"ocean_menu_typo_spacing_mobile":0,"ocean_menu_typo_spacing_unit":"","ocean_menu_link_color":"","ocean_menu_link_color_hover":"","ocean_menu_link_color_active":"","ocean_menu_link_background":"","ocean_menu_link_hover_background":"","ocean_menu_link_active_background":"","ocean_menu_social_links_bg":"","ocean_menu_social_hover_links_bg":"","ocean_menu_social_links_color":"","ocean_menu_social_hover_links_color":"","ocean_disable_title":"default","ocean_disable_heading":"default","ocean_post_title":"","ocean_post_subheading":"","ocean_post_title_style":"","ocean_post_title_background_color":"","ocean_post_title_background":0,"ocean_post_title_bg_image_position":"","ocean_post_title_bg_image_attachment":"","ocean_post_title_bg_image_repeat":"","ocean_post_title_bg_image_size":"","ocean_post_title_height":0,"ocean_post_title_bg_overlay":0.5,"ocean_post_title_bg_overlay_color":"","ocean_disable_breadcrumbs":"default","ocean_breadcrumbs_color":"","ocean_breadcrumbs_separator_color":"","ocean_breadcrumbs_links_color":"","ocean_breadcrumbs_links_hover_color":"","ocean_display_footer_widgets":"default","ocean_display_footer_bottom":"default","ocean_custom_footer_template":"0","footnotes":""},"class_list":["post-2541","page","type-page","status-publish","hentry","entry"],"_links":{"self":[{"href":"https:\/\/mr-3dwork.com\/index.php\/wp-json\/wp\/v2\/pages\/2541","targetHints":{"allow":["GET"]}}],"collection":[{"href":"https:\/\/mr-3dwork.com\/index.php\/wp-json\/wp\/v2\/pages"}],"about":[{"href":"https:\/\/mr-3dwork.com\/index.php\/wp-json\/wp\/v2\/types\/page"}],"author":[{"embeddable":true,"href":"https:\/\/mr-3dwork.com\/index.php\/wp-json\/wp\/v2\/users\/1"}],"replies":[{"embeddable":true,"href":"https:\/\/mr-3dwork.com\/index.php\/wp-json\/wp\/v2\/comments?post=2541"}],"version-history":[{"count":5,"href":"https:\/\/mr-3dwork.com\/index.php\/wp-json\/wp\/v2\/pages\/2541\/revisions"}],"predecessor-version":[{"id":2556,"href":"https:\/\/mr-3dwork.com\/index.php\/wp-json\/wp\/v2\/pages\/2541\/revisions\/2556"}],"wp:attachment":[{"href":"https:\/\/mr-3dwork.com\/index.php\/wp-json\/wp\/v2\/media?parent=2541"}],"curies":[{"name":"wp","href":"https:\/\/api.w.org\/{rel}","templated":true}]}}