{"id":528,"date":"2023-04-02T01:45:13","date_gmt":"2023-04-01T22:45:13","guid":{"rendered":"https:\/\/mr-3dwork.com\/?page_id=528"},"modified":"2026-04-28T19:27:25","modified_gmt":"2026-04-28T16:27:25","slug":"maps","status":"publish","type":"page","link":"https:\/\/mr-3dwork.com\/index.php\/maps\/","title":{"rendered":"HAR\u0130TA"},"content":{"rendered":"\n<p><\/p>\n\n\n\n<div class=\"wp-block-greenshift-blocks-infobox gspb_infoBox gspb_infoBox-id-gsbp-32cab643-b95d\" id=\"gspb_infoBox-id-gsbp-32cab643-b95d\"><div class=\"gs-box info_type icon_type\"><div class=\"gs-box-icon\"><svg x=\"0px\" y=\"0px\" viewBox=\"0 0 512 512\"> <g><g> <path d=\"M256,0C114.497,0,0,114.507,0,256c0,141.503,114.507,256,256,256c141.503,0,256-114.507,256-256 C512,114.497,397.492,0,256,0z M256,472c-119.393,0-216-96.615-216-216c0-119.393,96.615-216,216-216 c119.393,0,216,96.615,216,216C472,375.393,375.384,472,256,472z\"><\/path> <\/g> <\/g> <g> <g> <path d=\"M256,214.33c-11.046,0-20,8.954-20,20v128.793c0,11.046,8.954,20,20,20s20-8.955,20-20.001V234.33 C276,223.284,267.046,214.33,256,214.33z\"><\/path> <\/g> <\/g> <g> <g> <circle cx=\"256\" cy=\"162.84\" r=\"27\"><\/circle> <\/g> <\/g> <\/svg><\/div><div class=\"gs-box-text\">\n<p>Modeller, granny 2.11 s\u00fcr\u00fcm\u00fcnde \u00e7al\u0131\u015fmaktad\u0131r.<\/p>\n<\/div><\/div><\/div>\n\n\n\n<div style=\"height:10px\" aria-hidden=\"true\" class=\"wp-block-spacer\"><\/div>\n\n\n\n<hr class=\"wp-block-separator alignfull has-alpha-channel-opacity is-style-wide\"\/>\n\n\n\n<div class=\"wp-block-columns is-layout-flex wp-container-core-columns-is-layout-9d6595d7 wp-block-columns-is-layout-flex\">\n<div class=\"wp-block-column is-layout-flow wp-block-column-is-layout-flow\" style=\"flex-basis:100%\">\n<figure class=\"wp-block-embed is-type-video is-provider-youtube wp-block-embed-youtube wp-embed-aspect-16-9 wp-has-aspect-ratio\"><div class=\"wp-block-embed__wrapper\">\n<p class=\"responsive-video-wrap clr\"><iframe title=\"MR-3D WORK - MOSQUE UPDATE\" width=\"1200\" height=\"675\" src=\"https:\/\/www.youtube.com\/embed\/xqRYZuFDCPk?feature=oembed\" frameborder=\"0\" allow=\"accelerometer; autoplay; clipboard-write; encrypted-media; gyroscope; picture-in-picture; web-share\" referrerpolicy=\"strict-origin-when-cross-origin\" allowfullscreen><\/iframe><\/p>\n<\/div><\/figure>\n<\/div>\n\n\n\n<div class=\"wp-block-column is-layout-flow wp-block-column-is-layout-flow\" style=\"flex-basis:100%\">\n<h2 class=\"wp-block-heading has-text-align-center\" id=\"duello-haritasi\">RAMAZAN G\u00dcNCELLEMES\u0130<\/h2>\n\n\n\n<ul class=\"wp-block-list\">\n<li>metin2_map_a1_cami<\/li>\n\n\n\n<li>metin2_map_b1_cami<\/li>\n\n\n\n<li>metin2_map_c1_cami<\/li>\n\n\n\n<li>maviruh_map_mosque<\/li>\n<\/ul>\n\n\n\n<div class=\"wp-block-group\"><div class=\"wp-block-group__inner-container is-layout-constrained wp-block-group-is-layout-constrained\">\n<div class=\"wp-block-buttons is-content-justification-center is-layout-flex wp-container-core-buttons-is-layout-5e6b19ed wp-block-buttons-is-layout-flex\">\n<div class=\"wp-block-button has-custom-width wp-block-button__width-100 is-style-fill\"><a class=\"wp-block-button__link has-text-align-center wp-element-button\">F\u0130YAT: 3000 TL<\/a><\/div>\n<\/div>\n<\/div><\/div>\n<\/div>\n<\/div>\n\n\n\n<hr class=\"wp-block-separator alignfull has-alpha-channel-opacity is-style-wide\"\/>\n\n\n\n<div style=\"height:20px\" aria-hidden=\"true\" class=\"wp-block-spacer\"><\/div>\n\n\n\n<div class=\"wp-block-columns is-layout-flex wp-container-core-columns-is-layout-9d6595d7 wp-block-columns-is-layout-flex\">\n<div class=\"wp-block-column is-layout-flow wp-block-column-is-layout-flow\" style=\"flex-basis:100%\">\n<figure class=\"wp-block-image size-full\"><a href=\"https:\/\/mr-3dwork.com\/wp-content\/uploads\/2023\/08\/duel_map-1.png\"><img fetchpriority=\"high\" decoding=\"async\" width=\"970\" height=\"546\" src=\"https:\/\/mr-3dwork.com\/wp-content\/uploads\/2023\/08\/duel_map-1.png\" alt=\"\" class=\"wp-image-1848\" srcset=\"https:\/\/mr-3dwork.com\/wp-content\/uploads\/2023\/08\/duel_map-1.png 970w, https:\/\/mr-3dwork.com\/wp-content\/uploads\/2023\/08\/duel_map-1-300x169.png 300w, https:\/\/mr-3dwork.com\/wp-content\/uploads\/2023\/08\/duel_map-1-768x432.png 768w, https:\/\/mr-3dwork.com\/wp-content\/uploads\/2023\/08\/duel_map-1-800x450.png 800w\" sizes=\"(max-width: 970px) 100vw, 970px\" \/><\/a><\/figure>\n<\/div>\n\n\n\n<div class=\"wp-block-column is-layout-flow wp-block-column-is-layout-flow\" style=\"flex-basis:100%\">\n<h2 class=\"wp-block-heading has-text-align-center\" id=\"duello-haritasi\">D\u00dcELLO HAR\u0130TASI<\/h2>\n\n\n\n<ul class=\"wp-block-list\">\n<li>metin2_map_duel2<\/li>\n<\/ul>\n\n\n\n<div class=\"wp-block-group\"><div class=\"wp-block-group__inner-container is-layout-constrained wp-block-group-is-layout-constrained\">\n<div class=\"wp-block-buttons is-content-justification-center is-layout-flex wp-container-core-buttons-is-layout-5e6b19ed wp-block-buttons-is-layout-flex\">\n<div class=\"wp-block-button has-custom-width wp-block-button__width-100 is-style-fill\"><a class=\"wp-block-button__link has-text-align-center wp-element-button\" href=\"https:\/\/www.youtube.com\/watch?v=b7N-a1Z05ZM\" target=\"_blank\" rel=\"noreferrer noopener\">V\u0130DEO<\/a><\/div>\n\n\n\n<div class=\"wp-block-button has-custom-width wp-block-button__width-100 is-style-fill\"><a class=\"wp-block-button__link has-text-align-center wp-element-button\" href=\"https:\/\/mr-3dwork.com\/index.php\/fiyatlar\/\" target=\"_blank\" rel=\"noreferrer noopener\">F\u0130YAT<\/a><\/div>\n<\/div>\n<\/div><\/div>\n<\/div>\n<\/div>\n\n\n\n<hr class=\"wp-block-separator alignfull has-alpha-channel-opacity is-style-wide\"\/>\n\n\n\n<div style=\"height:20px\" aria-hidden=\"true\" class=\"wp-block-spacer\"><\/div>\n\n\n\n<div class=\"wp-block-columns is-layout-flex wp-container-core-columns-is-layout-9d6595d7 wp-block-columns-is-layout-flex\">\n<div class=\"wp-block-column is-layout-flow wp-block-column-is-layout-flow\" style=\"flex-basis:100%\">\n<figure class=\"wp-block-image size-full\"><a href=\"https:\/\/mr-3dwork.com\/wp-content\/uploads\/2023\/08\/space_map.png\"><img decoding=\"async\" width=\"970\" height=\"546\" src=\"https:\/\/mr-3dwork.com\/wp-content\/uploads\/2023\/08\/space_map.png\" alt=\"\" class=\"wp-image-1655\" srcset=\"https:\/\/mr-3dwork.com\/wp-content\/uploads\/2023\/08\/space_map.png 970w, https:\/\/mr-3dwork.com\/wp-content\/uploads\/2023\/08\/space_map-300x169.png 300w, https:\/\/mr-3dwork.com\/wp-content\/uploads\/2023\/08\/space_map-768x432.png 768w, https:\/\/mr-3dwork.com\/wp-content\/uploads\/2023\/08\/space_map-800x450.png 800w\" sizes=\"(max-width: 970px) 100vw, 970px\" \/><\/a><\/figure>\n<\/div>\n\n\n\n<div class=\"wp-block-column is-layout-flow wp-block-column-is-layout-flow\" style=\"flex-basis:100%\">\n<h2 class=\"wp-block-heading has-text-align-center\" id=\"balik-etkinligi-haritasi\">UZAY ADASI<\/h2>\n\n\n\n<ul class=\"wp-block-list\">\n<li>maviruh_space_map<\/li>\n<\/ul>\n\n\n\n<div class=\"wp-block-group\"><div class=\"wp-block-group__inner-container is-layout-constrained wp-block-group-is-layout-constrained\">\n<div class=\"wp-block-buttons is-content-justification-center is-layout-flex wp-container-core-buttons-is-layout-5e6b19ed wp-block-buttons-is-layout-flex\">\n<div class=\"wp-block-button has-custom-width wp-block-button__width-100 is-style-fill\"><a class=\"wp-block-button__link has-text-align-center wp-element-button\" href=\"https:\/\/www.youtube.com\/watch?v=vp1UX_oSvgE\" target=\"_blank\" rel=\"noreferrer noopener\">V\u0130DEO<\/a><\/div>\n\n\n\n<div class=\"wp-block-button has-custom-width wp-block-button__width-100 is-style-fill\"><a class=\"wp-block-button__link has-text-align-center wp-element-button\" href=\"https:\/\/www.mmotutkunlari.com\/konu\/mr-3d-work-uzay-adasi-space-island-2023.25399\/\" target=\"_blank\" rel=\"noreferrer noopener\">\u0130ND\u0130R<\/a><\/div>\n<\/div>\n<\/div><\/div>\n<\/div>\n<\/div>\n\n\n\n<hr class=\"wp-block-separator alignfull has-alpha-channel-opacity is-style-wide\"\/>\n\n\n\n<div style=\"height:20px\" aria-hidden=\"true\" class=\"wp-block-spacer\"><\/div>\n\n\n\n<div class=\"wp-block-columns is-layout-flex wp-container-core-columns-is-layout-9d6595d7 wp-block-columns-is-layout-flex\">\n<div class=\"wp-block-column is-layout-flow wp-block-column-is-layout-flow\" style=\"flex-basis:100%\">\n<figure class=\"wp-block-image size-full\"><a href=\"https:\/\/mr-3dwork.com\/wp-content\/uploads\/2023\/08\/emerald_map.png\"><img decoding=\"async\" width=\"970\" height=\"546\" src=\"https:\/\/mr-3dwork.com\/wp-content\/uploads\/2023\/08\/emerald_map.png\" alt=\"\" class=\"wp-image-1656\" srcset=\"https:\/\/mr-3dwork.com\/wp-content\/uploads\/2023\/08\/emerald_map.png 970w, https:\/\/mr-3dwork.com\/wp-content\/uploads\/2023\/08\/emerald_map-300x169.png 300w, https:\/\/mr-3dwork.com\/wp-content\/uploads\/2023\/08\/emerald_map-768x432.png 768w, https:\/\/mr-3dwork.com\/wp-content\/uploads\/2023\/08\/emerald_map-800x450.png 800w\" sizes=\"(max-width: 970px) 100vw, 970px\" \/><\/a><\/figure>\n<\/div>\n\n\n\n<div class=\"wp-block-column is-layout-flow wp-block-column-is-layout-flow\" style=\"flex-basis:100%\">\n<h2 class=\"wp-block-heading has-text-align-center\" id=\"balik-etkinligi-haritasi\">SARI Z\u00dcMR\u00dcT ODASI<\/h2>\n\n\n\n<ul class=\"wp-block-list\">\n<li>maviruh_emerald_dungeon<\/li>\n<\/ul>\n\n\n\n<div class=\"wp-block-group\"><div class=\"wp-block-group__inner-container is-layout-constrained wp-block-group-is-layout-constrained\">\n<div class=\"wp-block-buttons is-content-justification-center is-layout-flex wp-container-core-buttons-is-layout-5e6b19ed wp-block-buttons-is-layout-flex\">\n<div class=\"wp-block-button has-custom-width wp-block-button__width-100 is-style-fill\"><a class=\"wp-block-button__link has-text-align-center wp-element-button\" href=\"https:\/\/www.youtube.com\/watch?v=KbAJag5ZI10\" target=\"_blank\" rel=\"noreferrer noopener\">V\u0130DEO<\/a><\/div>\n\n\n\n<div class=\"wp-block-button has-custom-width wp-block-button__width-100 is-style-fill\"><a class=\"wp-block-button__link has-text-align-center wp-element-button\" href=\"https:\/\/mr-3dwork.com\/index.php\/fiyatlar\/\" target=\"_blank\" rel=\"noreferrer noopener\">F\u0130YAT<\/a><\/div>\n<\/div>\n<\/div><\/div>\n<\/div>\n<\/div>\n\n\n\n<hr class=\"wp-block-separator alignfull has-alpha-channel-opacity is-style-wide\"\/>\n\n\n\n<div style=\"height:20px\" aria-hidden=\"true\" class=\"wp-block-spacer\"><\/div>\n\n\n\n<div class=\"wp-block-columns is-layout-flex wp-container-core-columns-is-layout-9d6595d7 wp-block-columns-is-layout-flex\">\n<div class=\"wp-block-column is-layout-flow wp-block-column-is-layout-flow\" style=\"flex-basis:100%\">\n<figure class=\"wp-block-image size-full\"><a href=\"https:\/\/mr-3dwork.com\/wp-content\/uploads\/2023\/08\/fish_map.png\"><img loading=\"lazy\" decoding=\"async\" width=\"970\" height=\"546\" src=\"https:\/\/mr-3dwork.com\/wp-content\/uploads\/2023\/08\/fish_map.png\" alt=\"\" class=\"wp-image-1657\" srcset=\"https:\/\/mr-3dwork.com\/wp-content\/uploads\/2023\/08\/fish_map.png 970w, https:\/\/mr-3dwork.com\/wp-content\/uploads\/2023\/08\/fish_map-300x169.png 300w, https:\/\/mr-3dwork.com\/wp-content\/uploads\/2023\/08\/fish_map-768x432.png 768w, https:\/\/mr-3dwork.com\/wp-content\/uploads\/2023\/08\/fish_map-800x450.png 800w\" sizes=\"(max-width: 970px) 100vw, 970px\" \/><\/a><\/figure>\n<\/div>\n\n\n\n<div class=\"wp-block-column is-layout-flow wp-block-column-is-layout-flow\" style=\"flex-basis:100%\">\n<h2 class=\"wp-block-heading has-text-align-center\" id=\"balik-etkinligi-haritasi\">BALIK ETK\u0130NL\u0130\u011e\u0130 HAR\u0130TASI<\/h2>\n\n\n\n<ul class=\"wp-block-list\">\n<li>metin2_map_mr_fish<\/li>\n<\/ul>\n\n\n\n<div class=\"wp-block-group\"><div class=\"wp-block-group__inner-container is-layout-constrained wp-block-group-is-layout-constrained\">\n<div class=\"wp-block-buttons is-content-justification-center is-layout-flex wp-container-core-buttons-is-layout-5e6b19ed wp-block-buttons-is-layout-flex\">\n<div class=\"wp-block-button has-custom-width wp-block-button__width-100 is-style-fill\"><a class=\"wp-block-button__link has-text-align-center wp-element-button\" href=\"https:\/\/www.youtube.com\/watch?v=r1vIuOmlbIg\" target=\"_blank\" rel=\"noreferrer noopener\">V\u0130DEO<\/a><\/div>\n\n\n\n<div class=\"wp-block-button has-custom-width wp-block-button__width-100 is-style-fill\"><a class=\"wp-block-button__link has-text-align-center wp-element-button\" href=\"https:\/\/mr-3dwork.com\/index.php\/fiyatlar\/\" target=\"_blank\" rel=\"noreferrer noopener\">F\u0130YAT<\/a><\/div>\n<\/div>\n<\/div><\/div>\n<\/div>\n<\/div>\n\n\n\n<hr class=\"wp-block-separator alignfull has-alpha-channel-opacity is-style-wide\"\/>\n\n\n\n<div style=\"height:20px\" aria-hidden=\"true\" class=\"wp-block-spacer\"><\/div>\n\n\n\n<div class=\"wp-block-columns is-layout-flex wp-container-core-columns-is-layout-9d6595d7 wp-block-columns-is-layout-flex\">\n<div class=\"wp-block-column is-layout-flow wp-block-column-is-layout-flow\" style=\"flex-basis:100%\">\n<figure class=\"wp-block-image size-full\"><a href=\"https:\/\/mr-3dwork.com\/wp-content\/uploads\/2023\/08\/duel_map.png\"><img loading=\"lazy\" decoding=\"async\" width=\"970\" height=\"546\" src=\"https:\/\/mr-3dwork.com\/wp-content\/uploads\/2023\/08\/duel_map.png\" alt=\"\" class=\"wp-image-1658\" srcset=\"https:\/\/mr-3dwork.com\/wp-content\/uploads\/2023\/08\/duel_map.png 970w, https:\/\/mr-3dwork.com\/wp-content\/uploads\/2023\/08\/duel_map-300x169.png 300w, https:\/\/mr-3dwork.com\/wp-content\/uploads\/2023\/08\/duel_map-768x432.png 768w, https:\/\/mr-3dwork.com\/wp-content\/uploads\/2023\/08\/duel_map-800x450.png 800w\" sizes=\"(max-width: 970px) 100vw, 970px\" \/><\/a><\/figure>\n<\/div>\n\n\n\n<div class=\"wp-block-column is-layout-flow wp-block-column-is-layout-flow\" style=\"flex-basis:100%\">\n<h2 class=\"wp-block-heading has-text-align-center\" id=\"krallik-koyleri\">YEN\u0130LENEN D\u00dcELLO HAR\u0130TASI<\/h2>\n\n\n\n<ul class=\"wp-block-list\">\n<li>metin2_map_duel<\/li>\n<\/ul>\n\n\n\n<div class=\"wp-block-group\"><div class=\"wp-block-group__inner-container is-layout-constrained wp-block-group-is-layout-constrained\">\n<div class=\"wp-block-buttons is-content-justification-center is-layout-flex wp-container-core-buttons-is-layout-5e6b19ed wp-block-buttons-is-layout-flex\">\n<div class=\"wp-block-button has-custom-width wp-block-button__width-100 is-style-fill\"><a class=\"wp-block-button__link has-text-align-center wp-element-button\" href=\"https:\/\/www.youtube.com\/watch?v=OptfK58jNAo\" target=\"_blank\" rel=\"noreferrer noopener\">V\u0130DEO<\/a><\/div>\n\n\n\n<div class=\"wp-block-button has-custom-width wp-block-button__width-100 is-style-fill\"><a class=\"wp-block-button__link has-text-align-center wp-element-button\" href=\"https:\/\/mr-3dwork.com\/index.php\/fiyatlar\/\" target=\"_blank\" rel=\"noreferrer noopener\">F\u0130YAT<\/a><\/div>\n<\/div>\n<\/div><\/div>\n<\/div>\n<\/div>\n\n\n\n<hr class=\"wp-block-separator alignfull has-alpha-channel-opacity is-style-wide\"\/>\n\n\n\n<div style=\"height:20px\" aria-hidden=\"true\" class=\"wp-block-spacer\"><\/div>\n\n\n\n<div class=\"wp-block-columns is-layout-flex wp-container-core-columns-is-layout-9d6595d7 wp-block-columns-is-layout-flex\">\n<div class=\"wp-block-column is-layout-flow wp-block-column-is-layout-flow\" style=\"flex-basis:100%\">\n<div class=\"wp-block-slider-block-slider-block\"><div class=\"eb-parent-wrapper eb-parent-eb-slider-2xcwx6r \"><div class=\"eb-slider-wrapper eb-slider-2xcwx6r\" data-settings=\"{&quot;arrows&quot;:true,&quot;adaptiveHeight&quot;:true,&quot;autoplay&quot;:true,&quot;autoplaySpeed&quot;:3000,&quot;dots&quot;:true,&quot;fade&quot;:true,&quot;infinite&quot;:true,&quot;pauseOnHover&quot;:true,&quot;slidesToShow&quot;:1,&quot;speed&quot;:500,&quot;initialSlide&quot;:0,&quot;vertical&quot;:true,&quot;responsive&quot;:[{&quot;breakpoint&quot;:1025,&quot;settings&quot;:{&quot;slidesToShow&quot;:1}},{&quot;breakpoint&quot;:767,&quot;settings&quot;:{&quot;slidesToShow&quot;:1}}]}\" data-images=\"[{&quot;url&quot;:&quot;https:\/\/mr-3dwork.com\/wp-content\/uploads\/2023\/08\/map_a1.png&quot;,&quot;alt&quot;:&quot;&quot;,&quot;id&quot;:0,&quot;imageId&quot;:1660,&quot;caption&quot;:&quot;K\u0131rm\u0131z\u0131 1. K\u00f6y&quot;,&quot;title&quot;:&quot;K\u0131rm\u0131z\u0131 1. K\u00f6y&quot;,&quot;subtitle&quot;:&quot;Essential Blocks Slider Subtitle&quot;,&quot;showButton&quot;:true,&quot;buttonText&quot;:&quot;See More&quot;,&quot;buttonUrl&quot;:&quot;&quot;,&quot;openNewTab&quot;:false,&quot;isValidUrl&quot;:true},{&quot;url&quot;:&quot;https:\/\/mr-3dwork.com\/wp-content\/uploads\/2023\/08\/map_b1.png&quot;,&quot;alt&quot;:&quot;&quot;,&quot;id&quot;:1,&quot;imageId&quot;:1661,&quot;caption&quot;:&quot;Sar\u0131 1. K\u00f6y&quot;,&quot;title&quot;:&quot;Sar\u0131 1. K\u00f6y&quot;,&quot;subtitle&quot;:&quot;Essential Blocks Slider Subtitle&quot;,&quot;showButton&quot;:true,&quot;buttonText&quot;:&quot;See More&quot;,&quot;buttonUrl&quot;:&quot;&quot;,&quot;openNewTab&quot;:false,&quot;isValidUrl&quot;:true},{&quot;url&quot;:&quot;https:\/\/mr-3dwork.com\/wp-content\/uploads\/2023\/08\/map_c1.png&quot;,&quot;alt&quot;:&quot;&quot;,&quot;id&quot;:2,&quot;imageId&quot;:1662,&quot;caption&quot;:&quot;Mavi 1. K\u00f6y&quot;,&quot;title&quot;:&quot;Mavi 1. K\u00f6y&quot;,&quot;subtitle&quot;:&quot;Essential Blocks Slider Subtitle&quot;,&quot;showButton&quot;:true,&quot;buttonText&quot;:&quot;See More&quot;,&quot;buttonUrl&quot;:&quot;&quot;,&quot;openNewTab&quot;:false,&quot;isValidUrl&quot;:true}]\" data-slidercontenttype=\"content-1\" data-slidertype=\"image\" data-textalign=\"left\"><div class=\"image\"><div class=\"eb-slider-item content-1\"><img decoding=\"async\" class=\"eb-slider-image\" src=\"https:\/\/mr-3dwork.com\/wp-content\/uploads\/2023\/08\/map_a1.png\"\/><\/div><div class=\"eb-slider-item content-1\"><img decoding=\"async\" class=\"eb-slider-image\" src=\"https:\/\/mr-3dwork.com\/wp-content\/uploads\/2023\/08\/map_b1.png\"\/><\/div><div class=\"eb-slider-item content-1\"><img decoding=\"async\" class=\"eb-slider-image\" src=\"https:\/\/mr-3dwork.com\/wp-content\/uploads\/2023\/08\/map_c1.png\"\/><\/div><\/div><\/div><\/div><\/div>\n<\/div>\n\n\n\n<div class=\"wp-block-column is-layout-flow wp-block-column-is-layout-flow\" style=\"flex-basis:100%\">\n<h2 class=\"wp-block-heading has-text-align-center\" id=\"krallik-koyleri\">KRALLIK K\u00d6YLER\u0130<\/h2>\n\n\n\n<ul class=\"wp-block-list\">\n<li>metin2_map_a1<\/li>\n\n\n\n<li>metin2_map_b1<\/li>\n\n\n\n<li>metin2_map_c1<\/li>\n<\/ul>\n\n\n\n<div class=\"wp-block-group\"><div class=\"wp-block-group__inner-container is-layout-constrained wp-block-group-is-layout-constrained\">\n<div class=\"wp-block-buttons is-content-justification-center is-layout-flex wp-container-core-buttons-is-layout-5e6b19ed wp-block-buttons-is-layout-flex\">\n<div class=\"wp-block-button has-custom-width wp-block-button__width-100 is-style-fill\"><a class=\"wp-block-button__link has-text-align-center wp-element-button\" href=\"https:\/\/youtu.be\/dc_8py5Y1DI\" target=\"_blank\" rel=\"noreferrer noopener\">V\u0130DEO<\/a><\/div>\n\n\n\n<div class=\"wp-block-button has-custom-width wp-block-button__width-100 is-style-fill\"><a class=\"wp-block-button__link has-text-align-center wp-element-button\" href=\"https:\/\/mr-3dwork.com\/index.php\/fiyatlar\/\" target=\"_blank\" rel=\"noreferrer noopener\">F\u0130YAT<\/a><\/div>\n<\/div>\n<\/div><\/div>\n<\/div>\n<\/div>\n","protected":false},"excerpt":{"rendered":"<p>RAMAZAN G\u00dcNCELLEMES\u0130 D\u00dcELLO HAR\u0130TASI UZAY ADASI SARI Z\u00dcMR\u00dcT ODASI BALIK ETK\u0130NL\u0130\u011e\u0130 HAR\u0130TASI YEN\u0130LENEN D\u00dcELLO HAR\u0130TASI KRALLIK K\u00d6YLER\u0130<\/p>\n","protected":false},"author":1,"featured_media":631,"parent":0,"menu_order":0,"comment_status":"closed","ping_status":"closed","template":"","meta":{"_gspb_post_css":".gs-box{padding:20px;border-left:5px solid transparent;margin-bottom:25px}.gs-box-text>p{margin-bottom:20px;margin-top:0}.gs-box-text>p:last-of-type{margin-bottom:0}.gs-box.info_type{color:#155724;background-color:#d4edda;border-color:#c3e6cb}.gs-box.info_type svg{fill:#30a030}.gs-box.icon_type{display:flex}.gs-box.icon_type .gs-box-icon{width:28px;min-width:28px}.gs-box.icon_type .gs-box-text{flex-grow:1;margin:0 15px}","_eb_attr":"","ocean_post_layout":"","ocean_both_sidebars_style":"","ocean_both_sidebars_content_width":0,"ocean_both_sidebars_sidebars_width":0,"ocean_sidebar":"0","ocean_second_sidebar":"0","ocean_disable_margins":"enable","ocean_add_body_class":"","ocean_shortcode_before_top_bar":"","ocean_shortcode_after_top_bar":"","ocean_shortcode_before_header":"","ocean_shortcode_after_header":"","ocean_has_shortcode":"","ocean_shortcode_after_title":"","ocean_shortcode_before_footer_widgets":"","ocean_shortcode_after_footer_widgets":"","ocean_shortcode_before_footer_bottom":"","ocean_shortcode_after_footer_bottom":"","ocean_display_top_bar":"default","ocean_display_header":"default","ocean_header_style":"","ocean_center_header_left_menu":"0","ocean_custom_header_template":"0","ocean_custom_logo":0,"ocean_custom_retina_logo":0,"ocean_custom_logo_max_width":0,"ocean_custom_logo_tablet_max_width":0,"ocean_custom_logo_mobile_max_width":0,"ocean_custom_logo_max_height":0,"ocean_custom_logo_tablet_max_height":0,"ocean_custom_logo_mobile_max_height":0,"ocean_header_custom_menu":"0","ocean_menu_typo_font_family":"0","ocean_menu_typo_font_subset":"","ocean_menu_typo_font_size":0,"ocean_menu_typo_font_size_tablet":0,"ocean_menu_typo_font_size_mobile":0,"ocean_menu_typo_font_size_unit":"px","ocean_menu_typo_font_weight":"","ocean_menu_typo_font_weight_tablet":"","ocean_menu_typo_font_weight_mobile":"","ocean_menu_typo_transform":"","ocean_menu_typo_transform_tablet":"","ocean_menu_typo_transform_mobile":"","ocean_menu_typo_line_height":0,"ocean_menu_typo_line_height_tablet":0,"ocean_menu_typo_line_height_mobile":0,"ocean_menu_typo_line_height_unit":"","ocean_menu_typo_spacing":0,"ocean_menu_typo_spacing_tablet":0,"ocean_menu_typo_spacing_mobile":0,"ocean_menu_typo_spacing_unit":"","ocean_menu_link_color":"","ocean_menu_link_color_hover":"","ocean_menu_link_color_active":"","ocean_menu_link_background":"","ocean_menu_link_hover_background":"","ocean_menu_link_active_background":"","ocean_menu_social_links_bg":"","ocean_menu_social_hover_links_bg":"","ocean_menu_social_links_color":"","ocean_menu_social_hover_links_color":"","ocean_disable_title":"default","ocean_disable_heading":"default","ocean_post_title":"","ocean_post_subheading":"","ocean_post_title_style":"","ocean_post_title_background_color":"","ocean_post_title_background":0,"ocean_post_title_bg_image_position":"","ocean_post_title_bg_image_attachment":"","ocean_post_title_bg_image_repeat":"","ocean_post_title_bg_image_size":"","ocean_post_title_height":0,"ocean_post_title_bg_overlay":0.5,"ocean_post_title_bg_overlay_color":"","ocean_disable_breadcrumbs":"default","ocean_breadcrumbs_color":"","ocean_breadcrumbs_separator_color":"","ocean_breadcrumbs_links_color":"","ocean_breadcrumbs_links_hover_color":"","ocean_display_footer_widgets":"default","ocean_display_footer_bottom":"default","ocean_custom_footer_template":"0","footnotes":""},"class_list":["post-528","page","type-page","status-publish","has-post-thumbnail","hentry","entry","has-media"],"_links":{"self":[{"href":"https:\/\/mr-3dwork.com\/index.php\/wp-json\/wp\/v2\/pages\/528","targetHints":{"allow":["GET"]}}],"collection":[{"href":"https:\/\/mr-3dwork.com\/index.php\/wp-json\/wp\/v2\/pages"}],"about":[{"href":"https:\/\/mr-3dwork.com\/index.php\/wp-json\/wp\/v2\/types\/page"}],"author":[{"embeddable":true,"href":"https:\/\/mr-3dwork.com\/index.php\/wp-json\/wp\/v2\/users\/1"}],"replies":[{"embeddable":true,"href":"https:\/\/mr-3dwork.com\/index.php\/wp-json\/wp\/v2\/comments?post=528"}],"version-history":[{"count":37,"href":"https:\/\/mr-3dwork.com\/index.php\/wp-json\/wp\/v2\/pages\/528\/revisions"}],"predecessor-version":[{"id":2797,"href":"https:\/\/mr-3dwork.com\/index.php\/wp-json\/wp\/v2\/pages\/528\/revisions\/2797"}],"wp:featuredmedia":[{"embeddable":true,"href":"https:\/\/mr-3dwork.com\/index.php\/wp-json\/wp\/v2\/media\/631"}],"wp:attachment":[{"href":"https:\/\/mr-3dwork.com\/index.php\/wp-json\/wp\/v2\/media?parent=528"}],"curies":[{"name":"wp","href":"https:\/\/api.w.org\/{rel}","templated":true}]}}