{"id":868,"date":"2023-04-04T17:05:05","date_gmt":"2023-04-04T14:05:05","guid":{"rendered":"https:\/\/mr-3dwork.com\/?page_id=868"},"modified":"2023-08-05T02:33:23","modified_gmt":"2023-08-04T23:33:23","slug":"oyuncu-pazari","status":"publish","type":"page","link":"https:\/\/mr-3dwork.com\/index.php\/npcs\/oyuncu-pazari\/","title":{"rendered":"OYUNCU PAZARI"},"content":{"rendered":"\n<p><\/p>\n\n\n\n<div id=\"gspb_infoBox-id-gsbp-32cab643-b95d\" class=\"gspb_infoBox gspb_infoBox-id-gsbp-32cab643-b95d wp-block-greenshift-blocks-infobox\"><div class=\"gs-box info_type icon_type\"><div class=\"gs-box-icon\"><svg x=\"0px\" y=\"0px\" viewBox=\"0 0 512 512\"> <g><g> <path d=\"M256,0C114.497,0,0,114.507,0,256c0,141.503,114.507,256,256,256c141.503,0,256-114.507,256-256 C512,114.497,397.492,0,256,0z M256,472c-119.393,0-216-96.615-216-216c0-119.393,96.615-216,216-216 c119.393,0,216,96.615,216,216C472,375.393,375.384,472,256,472z\"><\/path> <\/g> <\/g> <g> <g> <path d=\"M256,214.33c-11.046,0-20,8.954-20,20v128.793c0,11.046,8.954,20,20,20s20-8.955,20-20.001V234.33 C276,223.284,267.046,214.33,256,214.33z\"><\/path> <\/g> <\/g> <g> <g> <circle cx=\"256\" cy=\"162.84\" r=\"27\"><\/circle> <\/g> <\/g> <\/svg><\/div><div class=\"gs-box-text\">\n<p>Modeller, granny 2.11 s\u00fcr\u00fcm\u00fcnde \u00e7al\u0131\u015fmaktad\u0131r.<\/p>\n<\/div><\/div><\/div>\n\n\n\n<div style=\"height:20px\" aria-hidden=\"true\" class=\"wp-block-spacer\"><\/div>\n\n\n\n<hr class=\"wp-block-separator alignfull has-alpha-channel-opacity is-style-wide\"\/>\n\n\n\n<div class=\"wp-block-columns is-layout-flex wp-container-core-columns-is-layout-9d6595d7 wp-block-columns-is-layout-flex\">\n<div class=\"wp-block-column is-layout-flow wp-block-column-is-layout-flow\" style=\"flex-basis:100%\">\n<figure class=\"wp-block-image size-full\"><a href=\"https:\/\/mr-3dwork.com\/wp-content\/uploads\/2023\/08\/twitter_npc.png\"><img fetchpriority=\"high\" decoding=\"async\" width=\"970\" height=\"546\" src=\"https:\/\/mr-3dwork.com\/wp-content\/uploads\/2023\/08\/twitter_npc.png\" alt=\"\" class=\"wp-image-1668\" srcset=\"https:\/\/mr-3dwork.com\/wp-content\/uploads\/2023\/08\/twitter_npc.png 970w, https:\/\/mr-3dwork.com\/wp-content\/uploads\/2023\/08\/twitter_npc-300x169.png 300w, https:\/\/mr-3dwork.com\/wp-content\/uploads\/2023\/08\/twitter_npc-768x432.png 768w, https:\/\/mr-3dwork.com\/wp-content\/uploads\/2023\/08\/twitter_npc-800x450.png 800w\" sizes=\"(max-width: 970px) 100vw, 970px\" \/><\/a><\/figure>\n<\/div>\n\n\n\n<div class=\"wp-block-column is-layout-flow wp-block-column-is-layout-flow\" style=\"flex-basis:100%\">\n<h2 class=\"wp-block-heading has-text-align-center\" id=\"twitter-oyuncu-pazari\">TWITTER OYUNCU PAZARI<\/h2>\n\n\n\n<div class=\"wp-block-group\"><div class=\"wp-block-group__inner-container is-layout-constrained wp-block-group-is-layout-constrained\">\n<div class=\"wp-block-buttons is-content-justification-center is-layout-flex wp-container-core-buttons-is-layout-5e6b19ed wp-block-buttons-is-layout-flex\">\n<div class=\"wp-block-button has-custom-width wp-block-button__width-100 is-style-fill\"><a class=\"wp-block-button__link has-text-align-center wp-element-button\" href=\"https:\/\/youtu.be\/BFm0nuPpATU\" target=\"_blank\" rel=\"noreferrer noopener\">V\u0130DEO<\/a><\/div>\n\n\n\n<div class=\"wp-block-button has-custom-width wp-block-button__width-100 is-style-fill\"><a class=\"wp-block-button__link has-text-align-center wp-element-button\" href=\"https:\/\/mr-3dwork.com\/index.php\/fiyatlar\/\" target=\"_blank\" rel=\"noreferrer noopener\">F\u0130YAT<\/a><\/div>\n<\/div>\n<\/div><\/div>\n<\/div>\n<\/div>\n\n\n\n<hr class=\"wp-block-separator alignfull has-alpha-channel-opacity is-style-wide\"\/>\n\n\n\n<div style=\"height:20px\" aria-hidden=\"true\" class=\"wp-block-spacer\"><\/div>\n\n\n\n<div class=\"wp-block-columns is-layout-flex wp-container-core-columns-is-layout-9d6595d7 wp-block-columns-is-layout-flex\">\n<div class=\"wp-block-column is-layout-flow wp-block-column-is-layout-flow\" style=\"flex-basis:100%\">\n<figure class=\"wp-block-image size-full\"><a href=\"https:\/\/mr-3dwork.com\/wp-content\/uploads\/2023\/08\/tiktok_npc-1.png\"><img decoding=\"async\" width=\"970\" height=\"546\" src=\"https:\/\/mr-3dwork.com\/wp-content\/uploads\/2023\/08\/tiktok_npc-1.png\" alt=\"\" class=\"wp-image-1666\" srcset=\"https:\/\/mr-3dwork.com\/wp-content\/uploads\/2023\/08\/tiktok_npc-1.png 970w, https:\/\/mr-3dwork.com\/wp-content\/uploads\/2023\/08\/tiktok_npc-1-300x169.png 300w, https:\/\/mr-3dwork.com\/wp-content\/uploads\/2023\/08\/tiktok_npc-1-768x432.png 768w, https:\/\/mr-3dwork.com\/wp-content\/uploads\/2023\/08\/tiktok_npc-1-800x450.png 800w\" sizes=\"(max-width: 970px) 100vw, 970px\" \/><\/a><\/figure>\n<\/div>\n\n\n\n<div class=\"wp-block-column is-layout-flow wp-block-column-is-layout-flow\" style=\"flex-basis:100%\">\n<h2 class=\"wp-block-heading has-text-align-center\" id=\"tiktok-oyuncu-pazari\">TIKTOK OYUNCU PAZARI<\/h2>\n\n\n\n<div class=\"wp-block-group\"><div class=\"wp-block-group__inner-container is-layout-constrained wp-block-group-is-layout-constrained\">\n<div class=\"wp-block-buttons is-content-justification-center is-layout-flex wp-container-core-buttons-is-layout-5e6b19ed wp-block-buttons-is-layout-flex\">\n<div class=\"wp-block-button has-custom-width wp-block-button__width-100 is-style-fill\"><a class=\"wp-block-button__link has-text-align-center wp-element-button\" href=\"https:\/\/youtu.be\/BFm0nuPpATU\" target=\"_blank\" rel=\"noreferrer noopener\">V\u0130DEO<\/a><\/div>\n\n\n\n<div class=\"wp-block-button has-custom-width wp-block-button__width-100 is-style-fill\"><a class=\"wp-block-button__link has-text-align-center wp-element-button\" href=\"https:\/\/mr-3dwork.com\/index.php\/fiyatlar\/\" target=\"_blank\" rel=\"noreferrer noopener\">F\u0130YAT<\/a><\/div>\n<\/div>\n<\/div><\/div>\n<\/div>\n<\/div>\n\n\n\n<hr class=\"wp-block-separator alignfull has-alpha-channel-opacity is-style-wide\"\/>\n\n\n\n<div style=\"height:20px\" aria-hidden=\"true\" class=\"wp-block-spacer\"><\/div>\n\n\n\n<div class=\"wp-block-columns is-layout-flex wp-container-core-columns-is-layout-9d6595d7 wp-block-columns-is-layout-flex\">\n<div class=\"wp-block-column is-layout-flow wp-block-column-is-layout-flow\" style=\"flex-basis:100%\">\n<figure class=\"wp-block-image size-full\"><a href=\"https:\/\/mr-3dwork.com\/wp-content\/uploads\/2023\/08\/discord_npc.png\"><img decoding=\"async\" width=\"970\" height=\"546\" src=\"https:\/\/mr-3dwork.com\/wp-content\/uploads\/2023\/08\/discord_npc.png\" alt=\"\" class=\"wp-image-1667\" srcset=\"https:\/\/mr-3dwork.com\/wp-content\/uploads\/2023\/08\/discord_npc.png 970w, https:\/\/mr-3dwork.com\/wp-content\/uploads\/2023\/08\/discord_npc-300x169.png 300w, https:\/\/mr-3dwork.com\/wp-content\/uploads\/2023\/08\/discord_npc-768x432.png 768w, https:\/\/mr-3dwork.com\/wp-content\/uploads\/2023\/08\/discord_npc-800x450.png 800w\" sizes=\"(max-width: 970px) 100vw, 970px\" \/><\/a><\/figure>\n<\/div>\n\n\n\n<div class=\"wp-block-column is-layout-flow wp-block-column-is-layout-flow\" style=\"flex-basis:100%\">\n<h2 class=\"wp-block-heading has-text-align-center\" id=\"discord-oyuncu-pazari\">DISCORD OYUNCU PAZARI<\/h2>\n\n\n\n<div class=\"wp-block-group\"><div class=\"wp-block-group__inner-container is-layout-constrained wp-block-group-is-layout-constrained\">\n<div class=\"wp-block-buttons is-content-justification-center is-layout-flex wp-container-core-buttons-is-layout-5e6b19ed wp-block-buttons-is-layout-flex\">\n<div class=\"wp-block-button has-custom-width wp-block-button__width-100 is-style-fill\"><a class=\"wp-block-button__link has-text-align-center wp-element-button\" href=\"https:\/\/youtu.be\/BFm0nuPpATU\" target=\"_blank\" rel=\"noreferrer noopener\">V\u0130DEO<\/a><\/div>\n\n\n\n<div class=\"wp-block-button has-custom-width wp-block-button__width-100 is-style-fill\"><a class=\"wp-block-button__link has-text-align-center wp-element-button\" href=\"https:\/\/mr-3dwork.com\/index.php\/fiyatlar\/\" target=\"_blank\" rel=\"noreferrer noopener\">F\u0130YAT<\/a><\/div>\n<\/div>\n<\/div><\/div>\n<\/div>\n<\/div>\n\n\n\n<hr class=\"wp-block-separator alignfull has-alpha-channel-opacity is-style-wide\"\/>\n\n\n\n<div style=\"height:20px\" aria-hidden=\"true\" class=\"wp-block-spacer\"><\/div>\n\n\n\n<div class=\"wp-block-columns is-layout-flex wp-container-core-columns-is-layout-9d6595d7 wp-block-columns-is-layout-flex\">\n<div class=\"wp-block-column is-layout-flow wp-block-column-is-layout-flow\" style=\"flex-basis:100%\">\n<figure class=\"wp-block-image size-full\"><a href=\"https:\/\/mr-3dwork.com\/wp-content\/uploads\/2023\/08\/instagram_npc.png\"><img loading=\"lazy\" decoding=\"async\" width=\"970\" height=\"546\" src=\"https:\/\/mr-3dwork.com\/wp-content\/uploads\/2023\/08\/instagram_npc.png\" alt=\"\" class=\"wp-image-1669\" srcset=\"https:\/\/mr-3dwork.com\/wp-content\/uploads\/2023\/08\/instagram_npc.png 970w, https:\/\/mr-3dwork.com\/wp-content\/uploads\/2023\/08\/instagram_npc-300x169.png 300w, https:\/\/mr-3dwork.com\/wp-content\/uploads\/2023\/08\/instagram_npc-768x432.png 768w, https:\/\/mr-3dwork.com\/wp-content\/uploads\/2023\/08\/instagram_npc-800x450.png 800w\" sizes=\"(max-width: 970px) 100vw, 970px\" \/><\/a><\/figure>\n<\/div>\n\n\n\n<div class=\"wp-block-column is-layout-flow wp-block-column-is-layout-flow\" style=\"flex-basis:100%\">\n<h2 class=\"wp-block-heading has-text-align-center\" id=\"instagram-oyuncu-pazari\">INSTAGRAM OYUNCU PAZARI<\/h2>\n\n\n\n<div class=\"wp-block-group\"><div class=\"wp-block-group__inner-container is-layout-constrained wp-block-group-is-layout-constrained\">\n<div class=\"wp-block-buttons is-content-justification-center is-layout-flex wp-container-core-buttons-is-layout-5e6b19ed wp-block-buttons-is-layout-flex\">\n<div class=\"wp-block-button has-custom-width wp-block-button__width-100 is-style-fill\"><a class=\"wp-block-button__link has-text-align-center wp-element-button\" href=\"https:\/\/youtu.be\/BFm0nuPpATU\" target=\"_blank\" rel=\"noreferrer noopener\">V\u0130DEO<\/a><\/div>\n\n\n\n<div class=\"wp-block-button has-custom-width wp-block-button__width-100 is-style-fill\"><a class=\"wp-block-button__link has-text-align-center wp-element-button\" href=\"https:\/\/mr-3dwork.com\/index.php\/fiyatlar\/\" target=\"_blank\" rel=\"noreferrer noopener\">F\u0130YAT<\/a><\/div>\n<\/div>\n<\/div><\/div>\n<\/div>\n<\/div>\n\n\n\n<hr class=\"wp-block-separator alignfull has-alpha-channel-opacity is-style-wide\"\/>\n\n\n\n<div style=\"height:20px\" aria-hidden=\"true\" class=\"wp-block-spacer\"><\/div>\n\n\n\n<div class=\"wp-block-columns is-layout-flex wp-container-core-columns-is-layout-9d6595d7 wp-block-columns-is-layout-flex\">\n<div class=\"wp-block-column is-layout-flow wp-block-column-is-layout-flow\" style=\"flex-basis:100%\">\n<figure class=\"wp-block-image size-full\"><a href=\"https:\/\/mr-3dwork.com\/wp-content\/uploads\/2023\/08\/facebook_npc.png\"><img loading=\"lazy\" decoding=\"async\" width=\"970\" height=\"546\" src=\"https:\/\/mr-3dwork.com\/wp-content\/uploads\/2023\/08\/facebook_npc.png\" alt=\"\" class=\"wp-image-1670\" srcset=\"https:\/\/mr-3dwork.com\/wp-content\/uploads\/2023\/08\/facebook_npc.png 970w, https:\/\/mr-3dwork.com\/wp-content\/uploads\/2023\/08\/facebook_npc-300x169.png 300w, https:\/\/mr-3dwork.com\/wp-content\/uploads\/2023\/08\/facebook_npc-768x432.png 768w, https:\/\/mr-3dwork.com\/wp-content\/uploads\/2023\/08\/facebook_npc-800x450.png 800w\" sizes=\"(max-width: 970px) 100vw, 970px\" \/><\/a><\/figure>\n<\/div>\n\n\n\n<div class=\"wp-block-column is-layout-flow wp-block-column-is-layout-flow\" style=\"flex-basis:100%\">\n<h2 class=\"wp-block-heading has-text-align-center\" id=\"facebook-oyuncu-pazari\">FACEBOOK OYUNCU PAZARI<\/h2>\n\n\n\n<div class=\"wp-block-group\"><div class=\"wp-block-group__inner-container is-layout-constrained wp-block-group-is-layout-constrained\">\n<div class=\"wp-block-buttons is-content-justification-center is-layout-flex wp-container-core-buttons-is-layout-5e6b19ed wp-block-buttons-is-layout-flex\">\n<div class=\"wp-block-button has-custom-width wp-block-button__width-100 is-style-fill\"><a class=\"wp-block-button__link has-text-align-center wp-element-button\" href=\"https:\/\/youtu.be\/BFm0nuPpATU\" target=\"_blank\" rel=\"noreferrer noopener\">V\u0130DEO<\/a><\/div>\n\n\n\n<div class=\"wp-block-button has-custom-width wp-block-button__width-100 is-style-fill\"><a class=\"wp-block-button__link has-text-align-center wp-element-button\" href=\"https:\/\/mr-3dwork.com\/index.php\/fiyatlar\/\" target=\"_blank\" rel=\"noreferrer noopener\">F\u0130YAT<\/a><\/div>\n<\/div>\n<\/div><\/div>\n<\/div>\n<\/div>\n\n\n\n<hr class=\"wp-block-separator alignfull has-alpha-channel-opacity is-style-wide\"\/>\n\n\n\n<div style=\"height:20px\" aria-hidden=\"true\" class=\"wp-block-spacer\"><\/div>\n\n\n\n<div class=\"wp-block-columns is-layout-flex wp-container-core-columns-is-layout-9d6595d7 wp-block-columns-is-layout-flex\">\n<div class=\"wp-block-column is-layout-flow wp-block-column-is-layout-flow\" style=\"flex-basis:100%\">\n<figure class=\"wp-block-image size-full\"><a href=\"https:\/\/mr-3dwork.com\/wp-content\/uploads\/2023\/08\/twitch_npc.png\"><img loading=\"lazy\" decoding=\"async\" width=\"970\" height=\"546\" src=\"https:\/\/mr-3dwork.com\/wp-content\/uploads\/2023\/08\/twitch_npc.png\" alt=\"\" class=\"wp-image-1671\" srcset=\"https:\/\/mr-3dwork.com\/wp-content\/uploads\/2023\/08\/twitch_npc.png 970w, https:\/\/mr-3dwork.com\/wp-content\/uploads\/2023\/08\/twitch_npc-300x169.png 300w, https:\/\/mr-3dwork.com\/wp-content\/uploads\/2023\/08\/twitch_npc-768x432.png 768w, https:\/\/mr-3dwork.com\/wp-content\/uploads\/2023\/08\/twitch_npc-800x450.png 800w\" sizes=\"(max-width: 970px) 100vw, 970px\" \/><\/a><\/figure>\n<\/div>\n\n\n\n<div class=\"wp-block-column is-layout-flow wp-block-column-is-layout-flow\" style=\"flex-basis:100%\">\n<h2 class=\"wp-block-heading has-text-align-center\" id=\"twitch-oyuncu-pazari\">TWITCH OYUNCU PAZARI<\/h2>\n\n\n\n<div class=\"wp-block-group\"><div class=\"wp-block-group__inner-container is-layout-constrained wp-block-group-is-layout-constrained\">\n<div class=\"wp-block-buttons is-content-justification-center is-layout-flex wp-container-core-buttons-is-layout-5e6b19ed wp-block-buttons-is-layout-flex\">\n<div class=\"wp-block-button has-custom-width wp-block-button__width-100 is-style-fill\"><a class=\"wp-block-button__link has-text-align-center wp-element-button\" href=\"https:\/\/youtu.be\/BFm0nuPpATU\" target=\"_blank\" rel=\"noreferrer noopener\">V\u0130DEO<\/a><\/div>\n\n\n\n<div class=\"wp-block-button has-custom-width wp-block-button__width-100 is-style-fill\"><a class=\"wp-block-button__link has-text-align-center wp-element-button\" href=\"https:\/\/mr-3dwork.com\/index.php\/fiyatlar\/\" target=\"_blank\" rel=\"noreferrer noopener\">F\u0130YAT<\/a><\/div>\n<\/div>\n<\/div><\/div>\n<\/div>\n<\/div>\n\n\n\n<hr class=\"wp-block-separator alignfull has-alpha-channel-opacity is-style-wide\"\/>\n\n\n\n<div style=\"height:20px\" aria-hidden=\"true\" class=\"wp-block-spacer\"><\/div>\n\n\n\n<div class=\"wp-block-columns is-layout-flex wp-container-core-columns-is-layout-9d6595d7 wp-block-columns-is-layout-flex\">\n<div class=\"wp-block-column is-layout-flow wp-block-column-is-layout-flow\" style=\"flex-basis:100%\">\n<figure class=\"wp-block-image size-full\"><a href=\"https:\/\/mr-3dwork.com\/wp-content\/uploads\/2023\/08\/youtube_npc.png\"><img loading=\"lazy\" decoding=\"async\" width=\"970\" height=\"546\" src=\"https:\/\/mr-3dwork.com\/wp-content\/uploads\/2023\/08\/youtube_npc.png\" alt=\"\" class=\"wp-image-1672\" srcset=\"https:\/\/mr-3dwork.com\/wp-content\/uploads\/2023\/08\/youtube_npc.png 970w, https:\/\/mr-3dwork.com\/wp-content\/uploads\/2023\/08\/youtube_npc-300x169.png 300w, https:\/\/mr-3dwork.com\/wp-content\/uploads\/2023\/08\/youtube_npc-768x432.png 768w, https:\/\/mr-3dwork.com\/wp-content\/uploads\/2023\/08\/youtube_npc-800x450.png 800w\" sizes=\"(max-width: 970px) 100vw, 970px\" \/><\/a><\/figure>\n<\/div>\n\n\n\n<div class=\"wp-block-column is-layout-flow wp-block-column-is-layout-flow\" style=\"flex-basis:100%\">\n<h2 class=\"wp-block-heading has-text-align-center\" id=\"youtube-oyuncu-pazari\">YOUTUBE OYUNCU PAZARI<\/h2>\n\n\n\n<div class=\"wp-block-group\"><div class=\"wp-block-group__inner-container is-layout-constrained wp-block-group-is-layout-constrained\">\n<div class=\"wp-block-buttons is-content-justification-center is-layout-flex wp-container-core-buttons-is-layout-5e6b19ed wp-block-buttons-is-layout-flex\">\n<div class=\"wp-block-button has-custom-width wp-block-button__width-100 is-style-fill\"><a class=\"wp-block-button__link has-text-align-center wp-element-button\" href=\"https:\/\/youtu.be\/BFm0nuPpATU\" target=\"_blank\" rel=\"noreferrer noopener\">V\u0130DEO<\/a><\/div>\n\n\n\n<div class=\"wp-block-button has-custom-width wp-block-button__width-100 is-style-fill\"><a class=\"wp-block-button__link has-text-align-center wp-element-button\" href=\"https:\/\/mr-3dwork.com\/index.php\/fiyatlar\/\" target=\"_blank\" rel=\"noreferrer noopener\">F\u0130YAT<\/a><\/div>\n<\/div>\n<\/div><\/div>\n<\/div>\n<\/div>\n","protected":false},"excerpt":{"rendered":"<p>TWITTER OYUNCU PAZARI TIKTOK OYUNCU PAZARI DISCORD OYUNCU PAZARI INSTAGRAM OYUNCU PAZARI FACEBOOK OYUNCU PAZARI TWITCH OYUNCU PAZARI YOUTUBE OYUNCU PAZARI<\/p>\n","protected":false},"author":1,"featured_media":0,"parent":717,"menu_order":0,"comment_status":"closed","ping_status":"closed","template":"","meta":{"_gspb_post_css":".gs-box{padding:20px;border-left:5px solid transparent;margin-bottom:25px}.gs-box-text>p{margin-bottom:20px;margin-top:0}.gs-box-text>p:last-of-type{margin-bottom:0}.gs-box.info_type{color:#155724;background-color:#d4edda;border-color:#c3e6cb}.gs-box.info_type svg{fill:#30a030}.gs-box.icon_type{display:flex}.gs-box.icon_type .gs-box-icon{width:28px;min-width:28px}.gs-box.icon_type .gs-box-text{flex-grow:1;margin:0 15px}","_eb_attr":"","ocean_post_layout":"","ocean_both_sidebars_style":"","ocean_both_sidebars_content_width":0,"ocean_both_sidebars_sidebars_width":0,"ocean_sidebar":"0","ocean_second_sidebar":"0","ocean_disable_margins":"enable","ocean_add_body_class":"","ocean_shortcode_before_top_bar":"","ocean_shortcode_after_top_bar":"","ocean_shortcode_before_header":"","ocean_shortcode_after_header":"","ocean_has_shortcode":"","ocean_shortcode_after_title":"","ocean_shortcode_before_footer_widgets":"","ocean_shortcode_after_footer_widgets":"","ocean_shortcode_before_footer_bottom":"","ocean_shortcode_after_footer_bottom":"","ocean_display_top_bar":"default","ocean_display_header":"default","ocean_header_style":"","ocean_center_header_left_menu":"0","ocean_custom_header_template":"0","ocean_custom_logo":0,"ocean_custom_retina_logo":0,"ocean_custom_logo_max_width":0,"ocean_custom_logo_tablet_max_width":0,"ocean_custom_logo_mobile_max_width":0,"ocean_custom_logo_max_height":0,"ocean_custom_logo_tablet_max_height":0,"ocean_custom_logo_mobile_max_height":0,"ocean_header_custom_menu":"0","ocean_menu_typo_font_family":"0","ocean_menu_typo_font_subset":"","ocean_menu_typo_font_size":0,"ocean_menu_typo_font_size_tablet":0,"ocean_menu_typo_font_size_mobile":0,"ocean_menu_typo_font_size_unit":"px","ocean_menu_typo_font_weight":"","ocean_menu_typo_font_weight_tablet":"","ocean_menu_typo_font_weight_mobile":"","ocean_menu_typo_transform":"","ocean_menu_typo_transform_tablet":"","ocean_menu_typo_transform_mobile":"","ocean_menu_typo_line_height":0,"ocean_menu_typo_line_height_tablet":0,"ocean_menu_typo_line_height_mobile":0,"ocean_menu_typo_line_height_unit":"","ocean_menu_typo_spacing":0,"ocean_menu_typo_spacing_tablet":0,"ocean_menu_typo_spacing_mobile":0,"ocean_menu_typo_spacing_unit":"","ocean_menu_link_color":"","ocean_menu_link_color_hover":"","ocean_menu_link_color_active":"","ocean_menu_link_background":"","ocean_menu_link_hover_background":"","ocean_menu_link_active_background":"","ocean_menu_social_links_bg":"","ocean_menu_social_hover_links_bg":"","ocean_menu_social_links_color":"","ocean_menu_social_hover_links_color":"","ocean_disable_title":"default","ocean_disable_heading":"default","ocean_post_title":"","ocean_post_subheading":"","ocean_post_title_style":"","ocean_post_title_background_color":"","ocean_post_title_background":0,"ocean_post_title_bg_image_position":"","ocean_post_title_bg_image_attachment":"","ocean_post_title_bg_image_repeat":"","ocean_post_title_bg_image_size":"","ocean_post_title_height":0,"ocean_post_title_bg_overlay":0.5,"ocean_post_title_bg_overlay_color":"","ocean_disable_breadcrumbs":"default","ocean_breadcrumbs_color":"","ocean_breadcrumbs_separator_color":"","ocean_breadcrumbs_links_color":"","ocean_breadcrumbs_links_hover_color":"","ocean_display_footer_widgets":"default","ocean_display_footer_bottom":"default","ocean_custom_footer_template":"0","footnotes":""},"class_list":["post-868","page","type-page","status-publish","hentry","entry"],"_links":{"self":[{"href":"https:\/\/mr-3dwork.com\/index.php\/wp-json\/wp\/v2\/pages\/868","targetHints":{"allow":["GET"]}}],"collection":[{"href":"https:\/\/mr-3dwork.com\/index.php\/wp-json\/wp\/v2\/pages"}],"about":[{"href":"https:\/\/mr-3dwork.com\/index.php\/wp-json\/wp\/v2\/types\/page"}],"author":[{"embeddable":true,"href":"https:\/\/mr-3dwork.com\/index.php\/wp-json\/wp\/v2\/users\/1"}],"replies":[{"embeddable":true,"href":"https:\/\/mr-3dwork.com\/index.php\/wp-json\/wp\/v2\/comments?post=868"}],"version-history":[{"count":8,"href":"https:\/\/mr-3dwork.com\/index.php\/wp-json\/wp\/v2\/pages\/868\/revisions"}],"predecessor-version":[{"id":1817,"href":"https:\/\/mr-3dwork.com\/index.php\/wp-json\/wp\/v2\/pages\/868\/revisions\/1817"}],"up":[{"embeddable":true,"href":"https:\/\/mr-3dwork.com\/index.php\/wp-json\/wp\/v2\/pages\/717"}],"wp:attachment":[{"href":"https:\/\/mr-3dwork.com\/index.php\/wp-json\/wp\/v2\/media?parent=868"}],"curies":[{"name":"wp","href":"https:\/\/api.w.org\/{rel}","templated":true}]}}